{"id":62,"date":"2025-12-05T09:18:20","date_gmt":"2025-12-05T09:18:20","guid":{"rendered":"https:\/\/www.zeetrap.fr\/?page_id=62"},"modified":"2025-12-06T13:03:10","modified_gmt":"2025-12-06T13:03:10","slug":"a-propos-dodanis","status":"publish","type":"page","link":"https:\/\/www.zeetrap.fr\/index.php\/a-propos-dodanis\/","title":{"rendered":"A propos d&rsquo;ODANIS"},"content":{"rendered":"\n<p>ODANIS est une entreprise d\u2019Occitanie qui d\u00e9veloppe et commercialise des produits &amp; services innovants, avec \u00e0 la clef le d\u00e9p\u00f4t de plusieurs brevets et un produit qui s\u2019est vendu \u00e0 pr\u00e8s de 200&nbsp;000 exemplaires. Fort de cette r\u00e9ussite, elle poursuit son d\u00e9veloppement pour offrir des produits simples mais innovants \u00e0 ses clients. &nbsp;L\u2019entreprise s\u2019inscrit dans une d\u00e9marche \u00e9co-responsable ( int\u00e9gration de l&rsquo;approche \u00e9co-conception, \u00e9nergie verte, et conception et fabrication en France).<\/p>\n\n\n\n<p>Venez d\u00e9couvrir <a href=\"https:\/\/odanis.fr\/odanis\/\">les autres innovations d\u2019ODANIS<\/a>\u2026.<\/p>\n\n\n\n<p><\/p>\n","protected":false},"excerpt":{"rendered":"<p>ODANIS est une entreprise d\u2019Occitanie qui d\u00e9veloppe et commercialise des produits &amp; services innovants, avec \u00e0 la clef le d\u00e9p\u00f4t de plusieurs brevets et un produit qui s\u2019est vendu \u00e0 pr\u00e8s de 200&nbsp;000 exemplaires. Fort de cette r\u00e9ussite, elle poursuit son d\u00e9veloppement pour offrir des produits simples mais innovants \u00e0 ses clients. &nbsp;L\u2019entreprise s\u2019inscrit dans &hellip; <\/p>\n<p class=\"link-more\"><a href=\"https:\/\/www.zeetrap.fr\/index.php\/a-propos-dodanis\/\" class=\"more-link\">Lire la suite de<span class=\"screen-reader-text\">\u00ab\u00a0A propos d&rsquo;ODANIS\u00a0\u00bb<\/span><\/a><\/p>\n","protected":false},"author":1,"featured_media":0,"parent":0,"menu_order":0,"comment_status":"closed","ping_status":"closed","template":"","meta":{"footnotes":""},"class_list":["post-62","page","type-page","status-publish","hentry"],"_links":{"self":[{"href":"https:\/\/www.zeetrap.fr\/index.php\/wp-json\/wp\/v2\/pages\/62","targetHints":{"allow":["GET"]}}],"collection":[{"href":"https:\/\/www.zeetrap.fr\/index.php\/wp-json\/wp\/v2\/pages"}],"about":[{"href":"https:\/\/www.zeetrap.fr\/index.php\/wp-json\/wp\/v2\/types\/page"}],"author":[{"embeddable":true,"href":"https:\/\/www.zeetrap.fr\/index.php\/wp-json\/wp\/v2\/users\/1"}],"replies":[{"embeddable":true,"href":"https:\/\/www.zeetrap.fr\/index.php\/wp-json\/wp\/v2\/comments?post=62"}],"version-history":[{"count":3,"href":"https:\/\/www.zeetrap.fr\/index.php\/wp-json\/wp\/v2\/pages\/62\/revisions"}],"predecessor-version":[{"id":122,"href":"https:\/\/www.zeetrap.fr\/index.php\/wp-json\/wp\/v2\/pages\/62\/revisions\/122"}],"wp:attachment":[{"href":"https:\/\/www.zeetrap.fr\/index.php\/wp-json\/wp\/v2\/media?parent=62"}],"curies":[{"name":"wp","href":"https:\/\/api.w.org\/{rel}","templated":true}]}}