{"id":2,"date":"2025-12-04T12:37:01","date_gmt":"2025-12-04T12:37:01","guid":{"rendered":"http:\/\/www.zeetrap.fr\/?page_id=2"},"modified":"2026-03-04T18:22:02","modified_gmt":"2026-03-04T18:22:02","slug":"sample-page","status":"publish","type":"page","link":"https:\/\/www.zeetrap.fr\/","title":{"rendered":"ZeeTRAP, un pi\u00e8ge unique et novateur"},"content":{"rendered":"\n<div class=\"wp-block-columns is-layout-flex wp-container-core-columns-is-layout-1ec2ec05 wp-block-columns-is-layout-flex\" style=\"border-style:none;border-width:0px;border-top-left-radius:0px;border-top-right-radius:0px;border-bottom-left-radius:0px;border-bottom-right-radius:0px;margin-top:0;margin-bottom:0;padding-top:0;padding-right:0;padding-bottom:0;padding-left:0\">\n<div class=\"wp-block-column has-white-background-color has-background is-layout-flow wp-block-column-is-layout-flow\" style=\"flex-basis:40%\">\n<p style=\"line-height:1.2\"><strong>premi\u00e8re attractivit\u00e9<\/strong><\/p>\n\n\n\n<p style=\"line-height:1.2\">Le pi\u00e8ge, couvrant l\u2019ensemble des Les stades du cycle de vie moustique. La moustique femelle sera attrap\u00e9e avant ou pendant la reproduction. C\u2019est une fois qu\u2019elle a \u00e9t\u00e9 reproduit elle veut piquer.<\/p>\n\n\n\n<p style=\"line-height:1.2\"><\/p>\n<\/div>\n\n\n\n<div class=\"wp-block-column is-layout-flow wp-block-column-is-layout-flow\" style=\"flex-basis:25%\"><\/div>\n\n\n\n<div class=\"wp-block-column has-white-background-color has-background is-layout-flow wp-block-column-is-layout-flow\" style=\"border-style:none;border-width:0px;flex-basis:40%\">\n<p><strong>2 \u00e8me attractivit\u00e9 <\/strong><\/p>\n\n\n\n<p style=\"line-height:1.2\">Les stades du cycle de vie moustique. La moustique femelle sera attrap\u00e9e avant ou pendant la reproduction. C\u2019est une fois qu\u2019elle a \u00e9t\u00e9 reproduit elle veut piquer.<\/p>\n<\/div>\n<\/div>\n\n\n\n<div class=\"wp-block-group has-background-background-color has-background has-global-padding is-layout-constrained wp-block-group-is-layout-constrained\">\n<p class=\"has-large-font-size\"><strong>Pourquoi \u00e7a marche&nbsp;? <\/strong><\/p>\n\n\n\n<p>Le pi\u00e8ge, couvrant l\u2019ensemble des&nbsp;<\/p>\n\n\n\n<p>Les stades du cycle de vie moustique. La moustique femelle sera attrap\u00e9e avant ou pendant la reproduction. C\u2019est une fois qu\u2019elle a \u00e9t\u00e9 reproduit elle veut piquer.<\/p>\n<\/div>\n\n\n\n<div class=\"wp-block-group has-white-background-color has-background has-global-padding is-layout-constrained wp-block-group-is-layout-constrained\">\n<p class=\"has-large-font-size\"><strong>Forces de ZeeTRAP? <\/strong><\/p>\n\n\n\n<div class=\"wp-block-group has-global-padding is-layout-constrained wp-block-group-is-layout-constrained\" style=\"padding-top:var(--wp--preset--spacing--small);padding-bottom:var(--wp--preset--spacing--small)\">\n<div class=\"wp-block-columns is-layout-flex wp-container-core-columns-is-layout-28f84493 wp-block-columns-is-layout-flex\">\n<div class=\"wp-block-column is-layout-flow wp-block-column-is-layout-flow\">\n<div class=\"wp-block-media-text is-vertically-aligned-center\" style=\"grid-template-columns:15% auto\"><figure class=\"wp-block-media-text__media\"><img decoding=\"async\" src=\"https:\/\/www.zeebang.eu\/wp-content\/uploads\/2023\/12\/image-11.png\" alt=\"\" class=\"wp-image-177 size-full\"\/><\/figure><div class=\"wp-block-media-text__content\">\n<p><strong>Une efficacit\u00e9 redoutable r\u00e9duction de plus de 80% des moustiques tigres &amp; communs et dans leur cycle de vie (femelle gravide ou non, male)<\/strong><\/p>\n<\/div><\/div>\n<\/div>\n\n\n\n<div class=\"wp-block-column is-layout-flow wp-block-column-is-layout-flow\">\n<div class=\"wp-block-media-text\" style=\"grid-template-columns:18% auto\"><figure class=\"wp-block-media-text__media\"><img loading=\"lazy\" decoding=\"async\" width=\"188\" height=\"188\" src=\"http:\/\/www.zeetrap.fr\/wp-content\/uploads\/2025\/12\/Image6.png\" alt=\"\" class=\"wp-image-194 size-full\" srcset=\"https:\/\/www.zeetrap.fr\/wp-content\/uploads\/2025\/12\/Image6.png 188w, https:\/\/www.zeetrap.fr\/wp-content\/uploads\/2025\/12\/Image6-150x150.png 150w\" sizes=\"auto, (max-width: 188px) 100vw, 188px\" \/><\/figure><div class=\"wp-block-media-text__content\">\n<p><strong>Sans<\/strong> produits nocifs, <strong>une consommation d\u2019\u00e9nergie r\u00e9duite voire nulle en syst\u00e8me autonome, une capture s\u00e9lective en limitant la capture des autres insectes<\/strong><\/p>\n<\/div><\/div>\n<\/div>\n\n\n\n<div class=\"wp-block-column is-layout-flow wp-block-column-is-layout-flow\">\n<div class=\"wp-block-media-text\" style=\"grid-template-columns:15% auto\"><figure class=\"wp-block-media-text__media\"><img decoding=\"async\" src=\"https:\/\/www.zeebang.eu\/wp-content\/uploads\/2023\/12\/image-18.png\" alt=\"\" class=\"wp-image-195 size-full\"\/><\/figure><div class=\"wp-block-media-text__content\">\n<p>Facile \u00e0 mettre en place, \u00e0 utiliser et \u00e0 maintenir, une collecte et comptage des moustiques captur\u00e9s facilit\u00e9s, fonctionnement en basse tension<\/p>\n<\/div><\/div>\n<\/div>\n<\/div>\n\n\n\n<div class=\"wp-block-columns is-layout-flex wp-container-core-columns-is-layout-28f84493 wp-block-columns-is-layout-flex\">\n<div class=\"wp-block-column is-layout-flow wp-block-column-is-layout-flow\">\n<div class=\"wp-block-media-text is-vertically-aligned-center\" style=\"grid-template-columns:15% auto\"><figure class=\"wp-block-media-text__media\"><img decoding=\"async\" src=\"https:\/\/www.zeebang.eu\/wp-content\/uploads\/2023\/12\/image-4.png\" alt=\"\" class=\"wp-image-170 size-full\"\/><\/figure><div class=\"wp-block-media-text__content\">\n<p>Un rapport co\u00fbt \/ efficacit\u00e9 imbattable : \u00e9<strong>conomi<\/strong>e <strong>\u00e0 l\u2019achat et pas de couts d\u2019u<\/strong>sage<\/p>\n<\/div><\/div>\n<\/div>\n\n\n\n<div class=\"wp-block-column is-layout-flow wp-block-column-is-layout-flow\">\n<div class=\"wp-block-media-text\" style=\"grid-template-columns:18% auto\"><figure class=\"wp-block-media-text__media\"><img decoding=\"async\" src=\"https:\/\/www.zeetrap.fr\/wp-content\/uploads\/2025\/12\/Image5.png\" alt=\"\" class=\"wp-image-192 size-full\"\/><\/figure><div class=\"wp-block-media-text__content\">\n<p><strong>Protection \u00e0 l\u2019ext\u00e9rieur comme \u00e0 l\u2019int\u00e9rieur, <\/strong>d<strong>esign qui s\u2019int\u00e8gre au jardin comme dans la maison<\/strong>, <strong>mode silence pour l\u2019int\u00e9rieur<\/strong><\/p>\n<\/div><\/div>\n<\/div>\n\n\n\n<div class=\"wp-block-column is-layout-flow wp-block-column-is-layout-flow\">\n<div class=\"wp-block-media-text\" style=\"grid-template-columns:15% auto\"><figure class=\"wp-block-media-text__media\"><img decoding=\"async\" src=\"https:\/\/www.zeebang.eu\/wp-content\/uploads\/2023\/12\/image-9.png\" alt=\"\" class=\"wp-image-175 size-full\"\/><\/figure><div class=\"wp-block-media-text__content\">\n<p>Sous d\u00e9p\u00f4t de brevet, con\u00e7u et <strong>fabriqu\u00e9 en France<\/strong><\/p>\n<\/div><\/div>\n<\/div>\n<\/div>\n<\/div>\n<\/div>\n\n\n\n<div class=\"wp-block-group has-background-background-color has-background has-global-padding is-layout-constrained wp-block-group-is-layout-constrained\">\n<p class=\"has-large-font-size\"><strong>Ou le trouver ? <\/strong><\/p>\n\n\n\n<p>ZEETRAP IN et ZEETRAP OUT <strong> &#8212;&#8211;> voir la <a href=\"https:\/\/www.zeetrap.fr\/index.php\/boutique\/\" data-type=\"page\" data-id=\"209\">Boutique<\/a><\/strong><\/p>\n\n\n\n<p>ZeeTRAP en GMS, GSS &#8211;&gt; bient\u00f4t \u263a<\/p>\n\n\n\n<p>ZeeTRAP sur les MarketPlaces &#8211;&gt; bient\u00f4t \u263a<\/p>\n<\/div>\n\n\n\n<div class=\"wp-block-group has-white-background-color has-background has-global-padding is-layout-constrained wp-block-group-is-layout-constrained\">\n<p class=\"has-large-font-size\"><strong>FAQ et News <\/strong><\/p>\n\n\n\n<details class=\"wp-block-details is-layout-flow wp-block-details-is-layout-flow\"><summary><strong>Pourquoi ZeeTRAP est aussi efficace&nbsp;?<\/strong><\/summary>\n<p>blablablabla<\/p>\n<\/details>\n\n\n\n<details class=\"wp-block-details is-layout-flow wp-block-details-is-layout-flow\"><summary><strong>Quel co\u00fbt d\u2019utilisation pour mon pi\u00e8ge \u00e0 moustique ?<\/strong><\/summary>\n<p>blabla<\/p>\n<\/details>\n\n\n\n<p>Plus de questions sur ZeeTRAP, allez voir la <a href=\"https:\/\/www.zeetrap.fr\/index.php\/faq\/\" data-type=\"page\" data-id=\"19\">FAQ<\/a> <\/p>\n\n\n\n<p>Les derni\u00e8res <a href=\"https:\/\/www.zeetrap.fr\/index.php\/news\/\" data-type=\"page\" data-id=\"60\">News<\/a> sur ZeeTRAP<\/p>\n<\/div>\n\n\n\n<p><\/p>\n","protected":false},"excerpt":{"rendered":"<p>premi\u00e8re attractivit\u00e9 Le pi\u00e8ge, couvrant l\u2019ensemble des Les stades du cycle de vie moustique. La moustique femelle sera attrap\u00e9e avant ou pendant la reproduction. C\u2019est une fois qu\u2019elle a \u00e9t\u00e9 reproduit elle veut piquer. 2 \u00e8me attractivit\u00e9 Les stades du cycle de vie moustique. La moustique femelle sera attrap\u00e9e avant ou pendant la reproduction. C\u2019est &hellip; <\/p>\n<p class=\"link-more\"><a href=\"https:\/\/www.zeetrap.fr\/\" class=\"more-link\">Lire la suite de<span class=\"screen-reader-text\">\u00ab\u00a0ZeeTRAP, un pi\u00e8ge unique et novateur\u00a0\u00bb<\/span><\/a><\/p>\n","protected":false},"author":1,"featured_media":0,"parent":0,"menu_order":0,"comment_status":"closed","ping_status":"open","template":"","meta":{"footnotes":""},"class_list":["post-2","page","type-page","status-publish","hentry"],"_links":{"self":[{"href":"https:\/\/www.zeetrap.fr\/index.php\/wp-json\/wp\/v2\/pages\/2","targetHints":{"allow":["GET"]}}],"collection":[{"href":"https:\/\/www.zeetrap.fr\/index.php\/wp-json\/wp\/v2\/pages"}],"about":[{"href":"https:\/\/www.zeetrap.fr\/index.php\/wp-json\/wp\/v2\/types\/page"}],"author":[{"embeddable":true,"href":"https:\/\/www.zeetrap.fr\/index.php\/wp-json\/wp\/v2\/users\/1"}],"replies":[{"embeddable":true,"href":"https:\/\/www.zeetrap.fr\/index.php\/wp-json\/wp\/v2\/comments?post=2"}],"version-history":[{"count":42,"href":"https:\/\/www.zeetrap.fr\/index.php\/wp-json\/wp\/v2\/pages\/2\/revisions"}],"predecessor-version":[{"id":217,"href":"https:\/\/www.zeetrap.fr\/index.php\/wp-json\/wp\/v2\/pages\/2\/revisions\/217"}],"wp:attachment":[{"href":"https:\/\/www.zeetrap.fr\/index.php\/wp-json\/wp\/v2\/media?parent=2"}],"curies":[{"name":"wp","href":"https:\/\/api.w.org\/{rel}","templated":true}]}}